{"id":365,"date":"2023-12-01T20:34:25","date_gmt":"2023-12-01T19:34:25","guid":{"rendered":"https:\/\/gmtsindustrielle.com\/?page_id=365"},"modified":"2023-12-06T01:35:19","modified_gmt":"2023-12-06T00:35:19","slug":"services-2","status":"publish","type":"page","link":"https:\/\/gmtsindustrielle.com\/index.php\/services-2\/","title":{"rendered":"Services"},"content":{"rendered":"<div class=\"wpb-content-wrapper\"><p>[vc_row css=&#8221;.vc_custom_1556780827692{padding-top: 90px !important;padding-bottom: 60px !important;}&#8221;][vc_column][vc_custom_heading text=&#8221;Services GMTS INDUSTRIELLE&#8221; google_fonts=&#8221;font_family:Roboto%3A100%2C100italic%2C300%2C300italic%2Cregular%2Citalic%2C500%2C500italic%2C700%2C700italic%2C900%2C900italic|font_style:400%20regular%3A400%3Anormal&#8221;][vc_separator][vc_empty_space][vc_column_text]Chez G.M.T.S Industrielle, nous offrons une gamme compl\u00e8te de services sp\u00e9cialis\u00e9s dans le domaine industriel, couvrant plusieurs secteurs pour r\u00e9pondre aux besoins vari\u00e9s de nos clients. Notre expertise et notre exp\u00e9rience nous permettent de fournir des solutions sur mesure et de qualit\u00e9 sup\u00e9rieure dans les domaines suivants :[\/vc_column_text][\/vc_column][\/vc_row][vc_row][vc_column el_class=&#8221;text-center&#8221;][\/vc_column][vc_column width=&#8221;1\/3&#8243;][vc_single_image image=&#8221;287&#8243; img_size=&#8221;full&#8221;][vc_column_text]<\/p>\n<h4><strong>Tuyauterie<\/strong><\/h4>\n<p>Notre \u00e9quipe qualifi\u00e9e excelle dans la conception, la fabrication et l&#8217;installation de r\u00e9seaux de tuyauterie pour diverses applications industrielles.[\/vc_column_text][\/vc_column][vc_column width=&#8221;1\/3&#8243;][vc_single_image image=&#8221;285&#8243; img_size=&#8221;full&#8221;][vc_column_text]<\/p>\n<h4><strong>Soudure<\/strong><\/h4>\n<p>Des techniques de soudure avanc\u00e9es garantissent des assemblages pr\u00e9cis et robustes, conformes aux normes les plus strictes.[\/vc_column_text][\/vc_column][vc_column width=&#8221;1\/3&#8243;][vc_single_image image=&#8221;256&#8243; img_size=&#8221;full&#8221;][vc_column_text]<\/p>\n<h4><strong>Chaudronnerie<\/strong><\/h4>\n<p>La fabrication de pi\u00e8ces chaudronn\u00e9es sur mesure, adapt\u00e9es aux besoins sp\u00e9cifiques de chaque projet.[\/vc_column_text][\/vc_column][vc_column][vc_empty_space][\/vc_column][vc_column width=&#8221;1\/3&#8243;][vc_single_image image=&#8221;274&#8243; img_size=&#8221;full&#8221;][vc_column_text]<\/p>\n<h4><strong>Charpente M\u00e9tallique<\/strong><\/h4>\n<p>La conception et l&#8217;installation de structures m\u00e9talliques pour diverses applications industrielles et commerciales.[\/vc_column_text][\/vc_column][vc_column width=&#8221;1\/3&#8243;][vc_single_image image=&#8221;297&#8243; img_size=&#8221;full&#8221;][vc_column_text]<\/p>\n<h4><strong>Montage Industriel<\/strong><\/h4>\n<p>L&#8217;assemblage et l&#8217;installation d&#8217;\u00e9quipements industriels, assurant une mise en service efficace et s\u00e9curis\u00e9e.[\/vc_column_text][\/vc_column][vc_column width=&#8221;1\/3&#8243;][vc_single_image image=&#8221;267&#8243; img_size=&#8221;full&#8221;][vc_column_text]<\/p>\n<h4><strong>Entretien d&#8217;Usine<\/strong><\/h4>\n<p>Des services d&#8217;entretien pr\u00e9ventif et curatif pour garantir le bon fonctionnement et la durabilit\u00e9 des \u00e9quipements industriels.[\/vc_column_text][\/vc_column][\/vc_row][vc_row archi_parallax2=&#8221;yes&#8221; el_class=&#8221;text-light&#8221; css=&#8221;.vc_custom_1556781030858{padding-top: 60px !important;padding-bottom: 60px !important;background-image: url(http:\/\/gmtsindustrielle.com\/wp-content\/uploads\/2019\/04\/bg-13.jpg?id=41) !important;}&#8221;][vc_column width=&#8221;1\/3&#8243;]\t<!-- Element: OT Our Facts -->\n\t<div class=\"de_count \">\n                <h3 class=\"timer\" data-to=\"76\" data-speed=\"2500\">0<\/h3>\n        <span>Projets r\u00e9alis\u00e9s<\/span>\n    <\/div>\n\n[\/vc_column][vc_column width=&#8221;1\/3&#8243;]\t<!-- Element: OT Our Facts -->\n\t<div class=\"de_count \">\n                <h3 class=\"timer\" data-to=\"4\" data-speed=\"2500\">0<\/h3>\n        <span>Collaborateurs<\/span>\n    <\/div>\n\n[\/vc_column][vc_column width=&#8221;1\/3&#8243;]\t<!-- Element: OT Our Facts -->\n\t<div class=\"de_count \">\n                <h3 class=\"timer\" data-to=\"18\" data-speed=\"2500\">0<\/h3>\n        <span>Ann\u00e9es d'exp\u00e9riences<\/span>\n    <\/div>\n\n[\/vc_column][\/vc_row]<\/p>\n<\/div>","protected":false},"excerpt":{"rendered":"<p>[vc_row css=&#8221;.vc_custom_1556780827692{padding-top: 90px !important;padding-bottom: 60px !important;}&#8221;][vc_column][vc_custom_heading text=&#8221;Services GMTS INDUSTRIELLE&#8221; google_fonts=&#8221;font_family:Roboto%3A100%2C100italic%2C300%2C300italic%2Cregular%2Citalic%2C500%2C500italic%2C700%2C700italic%2C900%2C900italic|font_style:400%20regular%3A400%3Anormal&#8221;][vc_separator][vc_empty_space][vc_column_text]Chez G.M.T.S Industrielle, nous offrons une gamme compl\u00e8te de services sp\u00e9cialis\u00e9s dans le domaine industriel, couvrant plusieurs secteurs pour r\u00e9pondre aux besoins vari\u00e9s de nos clients. Notre expertise et notre exp\u00e9rience nous permettent de fournir des solutions sur mesure et de qualit\u00e9 sup\u00e9rieure dans les domaines suivants :[\/vc_column_text][\/vc_column][\/vc_row][vc_row][vc_column el_class=&#8221;text-center&#8221;][\/vc_column][vc_column width=&#8221;1\/3&#8243;][vc_single_image image=&#8221;287&#8243; img_size=&#8221;full&#8221;][vc_column_text] Tuyauterie Notre \u00e9quipe qualifi\u00e9e excelle dans la conception, la fabrication et l&#8217;installation de r\u00e9seaux de tuyauterie pour diverses applications industrielles.[\/vc_column_text][\/vc_column][vc_column width=&#8221;1\/3&#8243;][vc_single_image image=&#8221;285&#8243; img_size=&#8221;full&#8221;][vc_column_text] Soudure Des techniques de soudure avanc\u00e9es garantissent des assemblages pr\u00e9cis et robustes, conformes aux normes les plus strictes.[\/vc_column_text][\/vc_column][vc_column width=&#8221;1\/3&#8243;][vc_single_image image=&#8221;256&#8243; img_size=&#8221;full&#8221;][vc_column_text] Chaudronnerie La fabrication de pi\u00e8ces chaudronn\u00e9es sur mesure, adapt\u00e9es aux besoins sp\u00e9cifiques de chaque projet.[\/vc_column_text][\/vc_column][vc_column][vc_empty_space][\/vc_column][vc_column width=&#8221;1\/3&#8243;][vc_single_image image=&#8221;274&#8243; img_size=&#8221;full&#8221;][vc_column_text] Charpente M\u00e9tallique La conception et l&#8217;installation de structures m\u00e9talliques pour diverses applications industrielles et commerciales.[\/vc_column_text][\/vc_column][vc_column width=&#8221;1\/3&#8243;][vc_single_image image=&#8221;297&#8243; img_size=&#8221;full&#8221;][vc_column_text] Montage Industriel L&#8217;assemblage et l&#8217;installation d&#8217;\u00e9quipements industriels, assurant une mise en service efficace et s\u00e9curis\u00e9e.[\/vc_column_text][\/vc_column][vc_column width=&#8221;1\/3&#8243;][vc_single_image image=&#8221;267&#8243; img_size=&#8221;full&#8221;][vc_column_text] Entretien d&#8217;Usine Des services d&#8217;entretien pr\u00e9ventif et curatif pour garantir le bon fonctionnement et la durabilit\u00e9 des \u00e9quipements industriels.[\/vc_column_text][\/vc_column][\/vc_row][vc_row archi_parallax2=&#8221;yes&#8221; el_class=&#8221;text-light&#8221; css=&#8221;.vc_custom_1556781030858{padding-top: 60px !important;padding-bottom: 60px !important;background-image: url(http:\/\/gmtsindustrielle.com\/wp-content\/uploads\/2019\/04\/bg-13.jpg?id=41) !important;}&#8221;][vc_column width=&#8221;1\/3&#8243;][\/vc_column][vc_column width=&#8221;1\/3&#8243;][\/vc_column][vc_column width=&#8221;1\/3&#8243;][\/vc_column][\/vc_row]<\/p>\n","protected":false},"author":2,"featured_media":0,"parent":0,"menu_order":0,"comment_status":"closed","ping_status":"closed","template":"page-templates\/template-fullwidth.php","meta":{"footnotes":""},"aioseo_notices":[],"_links":{"self":[{"href":"https:\/\/gmtsindustrielle.com\/index.php\/wp-json\/wp\/v2\/pages\/365"}],"collection":[{"href":"https:\/\/gmtsindustrielle.com\/index.php\/wp-json\/wp\/v2\/pages"}],"about":[{"href":"https:\/\/gmtsindustrielle.com\/index.php\/wp-json\/wp\/v2\/types\/page"}],"author":[{"embeddable":true,"href":"https:\/\/gmtsindustrielle.com\/index.php\/wp-json\/wp\/v2\/users\/2"}],"replies":[{"embeddable":true,"href":"https:\/\/gmtsindustrielle.com\/index.php\/wp-json\/wp\/v2\/comments?post=365"}],"version-history":[{"count":10,"href":"https:\/\/gmtsindustrielle.com\/index.php\/wp-json\/wp\/v2\/pages\/365\/revisions"}],"predecessor-version":[{"id":440,"href":"https:\/\/gmtsindustrielle.com\/index.php\/wp-json\/wp\/v2\/pages\/365\/revisions\/440"}],"wp:attachment":[{"href":"https:\/\/gmtsindustrielle.com\/index.php\/wp-json\/wp\/v2\/media?parent=365"}],"curies":[{"name":"wp","href":"https:\/\/api.w.org\/{rel}","templated":true}]}}