{"id":169,"date":"2023-11-27T07:01:39","date_gmt":"2023-11-27T06:01:39","guid":{"rendered":"http:\/\/demo.archiwp.com\/archi-industry\/?page_id=169"},"modified":"2023-12-06T01:27:49","modified_gmt":"2023-12-06T00:27:49","slug":"qui-sommes-nous","status":"publish","type":"page","link":"https:\/\/gmtsindustrielle.com\/index.php\/qui-sommes-nous\/","title":{"rendered":"Qui sommes-nous"},"content":{"rendered":"<div class=\"wpb-content-wrapper\"><p>[vc_row css=&#8221;.vc_custom_1556780827692{padding-top: 90px !important;padding-bottom: 60px !important;}&#8221;][vc_column][vc_single_image image=&#8221;373&#8243; img_size=&#8221;full&#8221;][vc_empty_space][vc_column_text]G.M.T.S Industrielle est une entreprise pionni\u00e8re dans le secteur de la tuyauterie, de la soudure, de la chaudronnerie, de la charpente m\u00e9tallique, du montage industriel, de l&#8217;entretien d&#8217;usine, ainsi que dans la conception et la r\u00e9alisation de projets industriels sur mesure. Depuis notre cr\u00e9ation en 2005, nous avons constamment \u00e9volu\u00e9 pour devenir un acteur incontournable dans notre domaine.<\/p>\n<p>Notre expertise repose sur une \u00e9quipe hautement qualifi\u00e9e cumulant plus de 18 ann\u00e9es d&#8217;exp\u00e9rience, d\u00e9di\u00e9e \u00e0 offrir des solutions innovantes et \u00e0 haut rendement pour les industries vari\u00e9es, allant de l&#8217;agroalimentaire \u00e0 la p\u00e9trochimie en passant par le secteur pharmaceutique.[\/vc_column_text][vc_row_inner css=&#8221;.vc_custom_1701429117278{background-color: #eaeaea !important;}&#8221;][vc_column_inner][vc_custom_heading text=&#8221;Notre Mission&#8221; font_container=&#8221;tag:h4|text_align:left&#8221; google_fonts=&#8221;font_family:Roboto%3A100%2C100italic%2C300%2C300italic%2Cregular%2Citalic%2C500%2C500italic%2C700%2C700italic%2C900%2C900italic|font_style:400%20regular%3A400%3Anormal&#8221;][vc_column_text]Chez G.M.T.S Industrielle, notre mission principale est de fournir des services de qualit\u00e9 sup\u00e9rieure \u00e0 nos clients. Nous nous engageons \u00e0 offrir des solutions sur mesure, alliant savoir-faire traditionnel et technologies de pointe pour r\u00e9pondre aux besoins sp\u00e9cifiques de chaque projet.[\/vc_column_text][\/vc_column_inner][\/vc_row_inner][vc_row_inner][vc_column_inner][vc_custom_heading text=&#8221;Nos Valeurs&#8221; font_container=&#8221;tag:h4|text_align:left&#8221; google_fonts=&#8221;font_family:Roboto%3A100%2C100italic%2C300%2C300italic%2Cregular%2Citalic%2C500%2C500italic%2C700%2C700italic%2C900%2C900italic|font_style:400%20regular%3A400%3Anormal&#8221;][vc_column_text]L&#8217;excellence, l&#8217;engagement envers la qualit\u00e9, le respect des d\u00e9lais et la satisfaction client sont au c\u0153ur de nos valeurs. Nous sommes constamment \u00e0 l&#8217;\u00e9coute de nos clients et nous nous effor\u00e7ons de surpasser leurs attentes \u00e0 chaque \u00e9tape de notre collaboration.[\/vc_column_text][\/vc_column_inner][\/vc_row_inner][vc_row_inner css=&#8221;.vc_custom_1701429117278{background-color: #eaeaea !important;}&#8221;][vc_column_inner][vc_custom_heading text=&#8221;Notre \u00c9quipe&#8221; font_container=&#8221;tag:h4|text_align:left&#8221; google_fonts=&#8221;font_family:Roboto%3A100%2C100italic%2C300%2C300italic%2Cregular%2Citalic%2C500%2C500italic%2C700%2C700italic%2C900%2C900italic|font_style:400%20regular%3A400%3Anormal&#8221;][vc_column_text]Notre \u00e9quipe est compos\u00e9e d&#8217;experts passionn\u00e9s, hautement qualifi\u00e9s et constamment form\u00e9s aux derni\u00e8res avanc\u00e9es technologiques. Nous croyons en la force d&#8217;une \u00e9quipe unie et collaborons \u00e9troitement pour garantir la r\u00e9ussite de chaque projet.[\/vc_column_text][\/vc_column_inner][\/vc_row_inner][vc_column_text css=&#8221;.vc_custom_1701692877137{margin-top: 30px !important;}&#8221;]Chez G.M.T.S Industrielle, nous sommes fiers de notre parcours, de nos r\u00e9alisations et nous nous engageons \u00e0 maintenir les normes les plus \u00e9lev\u00e9es d&#8217;excellence professionnelle. Nous sommes d\u00e9termin\u00e9s \u00e0 \u00eatre le partenaire de confiance pour tous vos besoins industriels.Pour en savoir plus sur nos services et notre engagement envers l&#8217;excellence, contactez-nous d\u00e8s aujourd&#8217;hui.[\/vc_column_text][\/vc_column][\/vc_row][vc_row archi_parallax2=&#8221;yes&#8221; el_class=&#8221;text-light&#8221; css=&#8221;.vc_custom_1556781030858{padding-top: 60px !important;padding-bottom: 60px !important;background-image: url(http:\/\/gmtsindustrielle.com\/wp-content\/uploads\/2019\/04\/bg-13.jpg?id=41) !important;}&#8221;][vc_column width=&#8221;1\/3&#8243;]\t<!-- Element: OT Our Facts -->\n\t<div class=\"de_count \">\n                <h3 class=\"timer\" data-to=\"76\" data-speed=\"2500\">0<\/h3>\n        <span>Projets r\u00e9alis\u00e9s<\/span>\n    <\/div>\n\n[\/vc_column][vc_column width=&#8221;1\/3&#8243;]\t<!-- Element: OT Our Facts -->\n\t<div class=\"de_count \">\n                <h3 class=\"timer\" data-to=\"4\" data-speed=\"2500\">0<\/h3>\n        <span>Collaborateurs<\/span>\n    <\/div>\n\n[\/vc_column][vc_column width=&#8221;1\/3&#8243;]\t<!-- Element: OT Our Facts -->\n\t<div class=\"de_count \">\n                <h3 class=\"timer\" data-to=\"18\" data-speed=\"2500\">0<\/h3>\n        <span>Ann\u00e9es d'exp\u00e9riences<\/span>\n    <\/div>\n\n[\/vc_column][\/vc_row]<\/p>\n<\/div>","protected":false},"excerpt":{"rendered":"<p>[vc_row css=&#8221;.vc_custom_1556780827692{padding-top: 90px !important;padding-bottom: 60px !important;}&#8221;][vc_column][vc_single_image image=&#8221;373&#8243; img_size=&#8221;full&#8221;][vc_empty_space][vc_column_text]G.M.T.S Industrielle est une entreprise pionni\u00e8re dans le secteur de la tuyauterie, de la soudure, de la chaudronnerie, de la charpente m\u00e9tallique, du montage industriel, de l&#8217;entretien d&#8217;usine, ainsi que dans la conception et la r\u00e9alisation de projets industriels sur mesure. Depuis notre cr\u00e9ation en 2005, nous avons constamment \u00e9volu\u00e9 pour devenir un acteur incontournable dans notre domaine. Notre expertise repose sur une \u00e9quipe hautement qualifi\u00e9e cumulant plus de 18 ann\u00e9es d&#8217;exp\u00e9rience, d\u00e9di\u00e9e \u00e0 offrir des solutions innovantes et \u00e0 haut rendement pour les industries vari\u00e9es, allant de l&#8217;agroalimentaire \u00e0 la p\u00e9trochimie en passant par le secteur pharmaceutique.[\/vc_column_text][vc_row_inner css=&#8221;.vc_custom_1701429117278{background-color: #eaeaea !important;}&#8221;][vc_column_inner][vc_custom_heading text=&#8221;Notre Mission&#8221; font_container=&#8221;tag:h4|text_align:left&#8221; google_fonts=&#8221;font_family:Roboto%3A100%2C100italic%2C300%2C300italic%2Cregular%2Citalic%2C500%2C500italic%2C700%2C700italic%2C900%2C900italic|font_style:400%20regular%3A400%3Anormal&#8221;][vc_column_text]Chez G.M.T.S Industrielle, notre mission principale est de fournir des services de qualit\u00e9 sup\u00e9rieure \u00e0 nos clients. Nous nous engageons \u00e0 offrir des solutions sur mesure, alliant savoir-faire traditionnel et technologies de pointe pour r\u00e9pondre aux besoins sp\u00e9cifiques de chaque projet.[\/vc_column_text][\/vc_column_inner][\/vc_row_inner][vc_row_inner][vc_column_inner][vc_custom_heading text=&#8221;Nos Valeurs&#8221; font_container=&#8221;tag:h4|text_align:left&#8221; google_fonts=&#8221;font_family:Roboto%3A100%2C100italic%2C300%2C300italic%2Cregular%2Citalic%2C500%2C500italic%2C700%2C700italic%2C900%2C900italic|font_style:400%20regular%3A400%3Anormal&#8221;][vc_column_text]L&#8217;excellence, l&#8217;engagement envers la qualit\u00e9, le respect des d\u00e9lais et la satisfaction client sont au c\u0153ur de nos valeurs. Nous sommes constamment \u00e0 l&#8217;\u00e9coute de nos clients et nous nous effor\u00e7ons de surpasser leurs attentes \u00e0 chaque \u00e9tape de notre collaboration.[\/vc_column_text][\/vc_column_inner][\/vc_row_inner][vc_row_inner css=&#8221;.vc_custom_1701429117278{background-color: #eaeaea !important;}&#8221;][vc_column_inner][vc_custom_heading text=&#8221;Notre \u00c9quipe&#8221; font_container=&#8221;tag:h4|text_align:left&#8221; google_fonts=&#8221;font_family:Roboto%3A100%2C100italic%2C300%2C300italic%2Cregular%2Citalic%2C500%2C500italic%2C700%2C700italic%2C900%2C900italic|font_style:400%20regular%3A400%3Anormal&#8221;][vc_column_text]Notre \u00e9quipe est compos\u00e9e d&#8217;experts passionn\u00e9s, hautement qualifi\u00e9s et constamment form\u00e9s aux derni\u00e8res avanc\u00e9es technologiques. Nous croyons en la force d&#8217;une \u00e9quipe unie et collaborons \u00e9troitement pour garantir la r\u00e9ussite de chaque projet.[\/vc_column_text][\/vc_column_inner][\/vc_row_inner][vc_column_text css=&#8221;.vc_custom_1701692877137{margin-top: 30px !important;}&#8221;]Chez G.M.T.S Industrielle, nous sommes fiers de notre parcours, de nos r\u00e9alisations et nous nous engageons \u00e0 maintenir les normes les plus \u00e9lev\u00e9es d&#8217;excellence professionnelle. Nous sommes d\u00e9termin\u00e9s \u00e0 \u00eatre le partenaire de confiance pour tous vos besoins industriels.Pour en savoir plus sur nos services et notre engagement envers l&#8217;excellence, contactez-nous d\u00e8s aujourd&#8217;hui.[\/vc_column_text][\/vc_column][\/vc_row][vc_row archi_parallax2=&#8221;yes&#8221; el_class=&#8221;text-light&#8221; css=&#8221;.vc_custom_1556781030858{padding-top: 60px !important;padding-bottom: 60px !important;background-image: url(http:\/\/gmtsindustrielle.com\/wp-content\/uploads\/2019\/04\/bg-13.jpg?id=41) !important;}&#8221;][vc_column width=&#8221;1\/3&#8243;][\/vc_column][vc_column width=&#8221;1\/3&#8243;][\/vc_column][vc_column width=&#8221;1\/3&#8243;][\/vc_column][\/vc_row]<\/p>\n","protected":false},"author":1,"featured_media":0,"parent":0,"menu_order":0,"comment_status":"closed","ping_status":"closed","template":"page-templates\/template-fullwidth.php","meta":{"footnotes":""},"aioseo_notices":[],"_links":{"self":[{"href":"https:\/\/gmtsindustrielle.com\/index.php\/wp-json\/wp\/v2\/pages\/169"}],"collection":[{"href":"https:\/\/gmtsindustrielle.com\/index.php\/wp-json\/wp\/v2\/pages"}],"about":[{"href":"https:\/\/gmtsindustrielle.com\/index.php\/wp-json\/wp\/v2\/types\/page"}],"author":[{"embeddable":true,"href":"https:\/\/gmtsindustrielle.com\/index.php\/wp-json\/wp\/v2\/users\/1"}],"replies":[{"embeddable":true,"href":"https:\/\/gmtsindustrielle.com\/index.php\/wp-json\/wp\/v2\/comments?post=169"}],"version-history":[{"count":17,"href":"https:\/\/gmtsindustrielle.com\/index.php\/wp-json\/wp\/v2\/pages\/169\/revisions"}],"predecessor-version":[{"id":437,"href":"https:\/\/gmtsindustrielle.com\/index.php\/wp-json\/wp\/v2\/pages\/169\/revisions\/437"}],"wp:attachment":[{"href":"https:\/\/gmtsindustrielle.com\/index.php\/wp-json\/wp\/v2\/media?parent=169"}],"curies":[{"name":"wp","href":"https:\/\/api.w.org\/{rel}","templated":true}]}}